{"id":11811,"date":"2023-08-29T14:20:30","date_gmt":"2023-08-29T12:20:30","guid":{"rendered":"https:\/\/curt-bloch.com\/?page_id=11811"},"modified":"2026-01-26T15:29:38","modified_gmt":"2026-01-26T14:29:38","slug":"unterstuetzung","status":"publish","type":"page","link":"https:\/\/curt-bloch.com\/de\/projekt\/unterstuetzung\/","title":{"rendered":"Unterst\u00fctzung"},"content":{"rendered":"<div class=\"ce ce-twocol  pt-large  indent-1 layout-4-8  \">\n\t<div class=\"container\">\n\t\t<div class=\"row\">\n\t\t\t<div class=\"col\">\n\t\t\t\t<div class=\"row\">\n\t\t\t\t\t<div class=\"col col-custom-1\">\n\t\t\t\t\t\t<h1>UNTERST\u00dcTZUNG<\/h1>\n\t\t\t\t\t<\/div>\n\t\t\t\t\t<div class=\"col col-custom-2\">\n\t\t\t\t\t\t<p>Der Gro\u00dfteil der Konzeption, Gestaltung und Programmierung sowie der dauerhaften Weiterentwicklung dieser Website basieren auf Spenden sowie vielen hundert Stunden ehrenamtlichen Engagements. Wenn Sie das Andenken an Curt Bloch und den kostenlosen Zugriff auf sein Unterwasser-Kabarett mit dieser Website f\u00fcr f\u00f6rderungsw\u00fcrdig halten, freuen wir uns \u00fcber Ihre finanzielle Unterst\u00fctzung.<\/p>\n<p><strong>Empf\u00e4nger: Het Onderwater-Cabaret e.V.<\/strong><br \/>\n<strong>Konto: DE55 5109 0000 0007 6369 03<br \/>\nBIC: WIBADE5W<\/strong><\/p>\n<p>Ihre Spende ist steuerlich absetzbar, denn sie erreicht den gemeinn\u00fctzigen Verein Het Onderwater-Cabaret. Den Freistellungsbescheid k\u00f6nnen Sie <a href=\"https:\/\/curt-bloch.com\/wp-content\/uploads\/2025\/04\/Freistellungsbescheid_OWC.pdf\" target=\"_blank\" rel=\"noopener\">hier<\/a> online aufrufen.<\/p>\n<p>Vergessen Sie nicht, Ihre Postadresse bei der \u00dcberweisung zu vermerken; ansonsten kann man Ihnen keine Spendenbescheinigung zukommen lassen. Bis zu einer Spende von 300 Euro ben\u00f6tigen Sie keine Spendenbescheinigung vom Verein, dem Finanzamt reicht hierf\u00fcr ein Kontoauszug. Bitte sichern Sie sich diesbez\u00fcglich aber noch einmal selbst ab.<\/p>\n<p>Wir danken der Gemeinn\u00fctzigen Vereinigung der Rotary Clubs Wiesbaden f\u00fcr die Anschubfinanzierung sowie unseren Unterst\u00fctzerinnen und Unterst\u00fctzern:<\/p>\n\t\t\t\t\t<\/div>\n\t\t\t\t<\/div>\n\t\t\t<\/div>\n\t\t<\/div>\n\t<\/div>\n<\/div>\n\n\n<div class=\"ce ce-threecol  pt-small pb-large indent-1   \">\n\t<div class=\"container\">\n\t\t<div class=\"row\">\n\t\t\t<div class=\"col\">\n\t\t\t\t<div class=\"row\">\n\t\t\t\t\t<div class=\"col col-custom-1\">\n\t\t\t\t\t\t\t\t\t\t\t<\/div>\n\t\t\t\t\t<div class=\"col col-custom-2\">\n\t\t\t\t\t\t<h4>Rotary und Inner Wheel Clubs<\/h4>\n<p>Inner Wheel Club Bingen<br \/>\nInner Wheel Club Frankfurt<br \/>\nJerusalem Rotary Club<br \/>\nRotary Club Altes Land-Jork<br \/>\nRotary Club Bad Camberg-Idstein<br \/>\nRotary Club Bad Soden-K\u00f6nigstein<br \/>\nRotary Club Bad W\u00f6rishofen<br \/>\nRotary Club Boppard-St. Goar<br \/>\nRotary Club Darmstadt<br \/>\nRotary Club Darmstadt-Bergstra\u00dfe<br \/>\nRotary Club Dortmund-Neutor<br \/>\nRotary Club Frankfurt am Main-Alte Oper<br \/>\nRotary Club Frankfurt am Main-Friedensbr\u00fccke<br \/>\nRotary Club Frankfurt am Main-Palmengarten<br \/>\nRotary Club Frankfurt Rhein-Main<br \/>\nRotary Club Gro\u00df-Gerau\/Rhein-Main<br \/>\nRotary Club Kelkheim<br \/>\nRotary Club Ingelheim am Rhein<br \/>\nRotary Club Main-Taunus<br \/>\nRotary Club Mainz-Churmeyntz<br \/>\nRotary E-Club Schwaben-Dreil\u00e4ndereck<br \/>\nRotary Club Taunusstein<br \/>\nRotary Club Ulm<br \/>\nRotary Club Wiesbaden-Kochbrunnen<br \/>\nRotary Club Wiesbaden-Nassau<br \/>\nRotary eClub Hiddensee<\/p>\n\t\t\t\t\t<\/div>\n\t\t\t\t\t<div class=\"col col-custom-3\">\n\t\t\t\t\t\t<h4>Unternehmen und Stiftungen<\/h4>\n<p>Aventis Foundation<br \/>\nCampingpark Gitzweiler Hof<br \/>\nDr. Walter und Margarete Cajewitz-Stiftung<br \/>\nMainzer Wissenschaftsstiftung<\/p>\n<h4>Privatpersonen<\/h4>\n<p>Susanne Biedenkopf, Wiesbaden<br \/>\nRoswitha und Dr. Bernd Bischoff<br \/>\nHelmut Blanke<br \/>\nAndreas G\u00f6tz, Frankfurt\/Main<br \/>\nRainer N., Wiesbaden<br \/>\nWilfred Pape<br \/>\nChristoph von Papen<br \/>\nCarry und Louis Polak, Jerusalem<br \/>\nDr. Karl Friedrich Rittershofer, Rosbach<br \/>\nLutz Schenkel, Bad Homburg<br \/>\nSylvia Schob, Wiesbaden<br \/>\nIlse und Hermann Schlosser<br \/>\nDr. Manfred Spindler, Hofheim<br \/>\nNicole Weyde<\/p>\n\t\t\t\t\t<\/div>\n\t\t\t\t<\/div>\n\t\t\t<\/div>\n\t\t<\/div>\n\t<\/div>\n<\/div>\n","protected":false},"excerpt":{"rendered":"","protected":false},"author":7,"featured_media":0,"parent":201,"menu_order":1,"comment_status":"closed","ping_status":"closed","template":"","meta":{"_acf_changed":false,"_relevanssi_hide_post":"","_relevanssi_hide_content":"","_relevanssi_pin_for_all":"","_relevanssi_pin_keywords":"","_relevanssi_unpin_keywords":"","_relevanssi_related_keywords":"","_relevanssi_related_include_ids":"","_relevanssi_related_exclude_ids":"","_relevanssi_related_no_append":"","_relevanssi_related_not_related":"","_relevanssi_related_posts":"1","_relevanssi_noindex_reason":"","footnotes":""},"class_list":["post-11811","page","type-page","status-publish","hentry"],"acf":[],"yoast_head":"<!-- This site is optimized with the Yoast SEO plugin v27.3 - https:\/\/yoast.com\/product\/yoast-seo-wordpress\/ -->\n<title>Unterst\u00fctzung - Curt Bloch<\/title>\n<meta name=\"robots\" content=\"index, follow, max-snippet:-1, max-image-preview:large, max-video-preview:-1\" \/>\n<link rel=\"canonical\" href=\"https:\/\/curt-bloch.com\/de\/projekt\/unterstuetzung\/\" \/>\n<meta property=\"og:locale\" content=\"de_DE\" \/>\n<meta property=\"og:type\" content=\"article\" \/>\n<meta property=\"og:title\" content=\"Unterst\u00fctzung - Curt Bloch\" \/>\n<meta property=\"og:url\" content=\"https:\/\/curt-bloch.com\/de\/projekt\/unterstuetzung\/\" \/>\n<meta property=\"og:site_name\" content=\"Curt Bloch\" \/>\n<meta property=\"article:modified_time\" content=\"2026-01-26T14:29:38+00:00\" \/>\n<meta property=\"og:image\" content=\"https:\/\/curt-bloch.com\/wp-content\/uploads\/2024\/04\/owc-website-default.png\" \/>\n\t<meta property=\"og:image:width\" content=\"1200\" \/>\n\t<meta property=\"og:image:height\" content=\"675\" \/>\n\t<meta property=\"og:image:type\" content=\"image\/png\" \/>\n<meta name=\"twitter:card\" content=\"summary_large_image\" \/>\n<script type=\"application\/ld+json\" class=\"yoast-schema-graph\">{\"@context\":\"https:\\\/\\\/schema.org\",\"@graph\":[{\"@type\":\"WebPage\",\"@id\":\"https:\\\/\\\/curt-bloch.com\\\/de\\\/projekt\\\/unterstuetzung\\\/\",\"url\":\"https:\\\/\\\/curt-bloch.com\\\/de\\\/projekt\\\/unterstuetzung\\\/\",\"name\":\"Unterst\u00fctzung - Curt Bloch\",\"isPartOf\":{\"@id\":\"https:\\\/\\\/curt-bloch.com\\\/de\\\/#website\"},\"datePublished\":\"2023-08-29T12:20:30+00:00\",\"dateModified\":\"2026-01-26T14:29:38+00:00\",\"breadcrumb\":{\"@id\":\"https:\\\/\\\/curt-bloch.com\\\/de\\\/projekt\\\/unterstuetzung\\\/#breadcrumb\"},\"inLanguage\":\"de\",\"potentialAction\":[{\"@type\":\"ReadAction\",\"target\":[\"https:\\\/\\\/curt-bloch.com\\\/de\\\/projekt\\\/unterstuetzung\\\/\"]}]},{\"@type\":\"BreadcrumbList\",\"@id\":\"https:\\\/\\\/curt-bloch.com\\\/de\\\/projekt\\\/unterstuetzung\\\/#breadcrumb\",\"itemListElement\":[{\"@type\":\"ListItem\",\"position\":1,\"name\":\"Startseite\",\"item\":\"https:\\\/\\\/curt-bloch.com\\\/de\\\/\"},{\"@type\":\"ListItem\",\"position\":2,\"name\":\"Projekt\",\"item\":\"https:\\\/\\\/curt-bloch.com\\\/de\\\/projekt\\\/\"},{\"@type\":\"ListItem\",\"position\":3,\"name\":\"Unterst\u00fctzung\"}]},{\"@type\":\"WebSite\",\"@id\":\"https:\\\/\\\/curt-bloch.com\\\/de\\\/#website\",\"url\":\"https:\\\/\\\/curt-bloch.com\\\/de\\\/\",\"name\":\"Curt Bloch\",\"description\":\"Het Onderwater Cabaret\",\"publisher\":{\"@id\":\"https:\\\/\\\/curt-bloch.com\\\/de\\\/#organization\"},\"potentialAction\":[{\"@type\":\"SearchAction\",\"target\":{\"@type\":\"EntryPoint\",\"urlTemplate\":\"https:\\\/\\\/curt-bloch.com\\\/de\\\/?s={search_term_string}\"},\"query-input\":{\"@type\":\"PropertyValueSpecification\",\"valueRequired\":true,\"valueName\":\"search_term_string\"}}],\"inLanguage\":\"de\"},{\"@type\":\"Organization\",\"@id\":\"https:\\\/\\\/curt-bloch.com\\\/de\\\/#organization\",\"name\":\"Curt Bloch\",\"url\":\"https:\\\/\\\/curt-bloch.com\\\/de\\\/\",\"logo\":{\"@type\":\"ImageObject\",\"inLanguage\":\"de\",\"@id\":\"https:\\\/\\\/curt-bloch.com\\\/de\\\/#\\\/schema\\\/logo\\\/image\\\/\",\"url\":\"https:\\\/\\\/curt-bloch.com\\\/wp-content\\\/uploads\\\/2024\\\/02\\\/CurtBloch_Greenscreen_02.jpg\",\"contentUrl\":\"https:\\\/\\\/curt-bloch.com\\\/wp-content\\\/uploads\\\/2024\\\/02\\\/CurtBloch_Greenscreen_02.jpg\",\"width\":1080,\"height\":794,\"caption\":\"Curt Bloch\"},\"image\":{\"@id\":\"https:\\\/\\\/curt-bloch.com\\\/de\\\/#\\\/schema\\\/logo\\\/image\\\/\"}}]}<\/script>\n<!-- \/ Yoast SEO plugin. -->","yoast_head_json":{"title":"Unterst\u00fctzung - Curt Bloch","robots":{"index":"index","follow":"follow","max-snippet":"max-snippet:-1","max-image-preview":"max-image-preview:large","max-video-preview":"max-video-preview:-1"},"canonical":"https:\/\/curt-bloch.com\/de\/projekt\/unterstuetzung\/","og_locale":"de_DE","og_type":"article","og_title":"Unterst\u00fctzung - Curt Bloch","og_url":"https:\/\/curt-bloch.com\/de\/projekt\/unterstuetzung\/","og_site_name":"Curt Bloch","article_modified_time":"2026-01-26T14:29:38+00:00","og_image":[{"width":1200,"height":675,"url":"https:\/\/curt-bloch.com\/wp-content\/uploads\/2024\/04\/owc-website-default.png","type":"image\/png"}],"twitter_card":"summary_large_image","schema":{"@context":"https:\/\/schema.org","@graph":[{"@type":"WebPage","@id":"https:\/\/curt-bloch.com\/de\/projekt\/unterstuetzung\/","url":"https:\/\/curt-bloch.com\/de\/projekt\/unterstuetzung\/","name":"Unterst\u00fctzung - Curt Bloch","isPartOf":{"@id":"https:\/\/curt-bloch.com\/de\/#website"},"datePublished":"2023-08-29T12:20:30+00:00","dateModified":"2026-01-26T14:29:38+00:00","breadcrumb":{"@id":"https:\/\/curt-bloch.com\/de\/projekt\/unterstuetzung\/#breadcrumb"},"inLanguage":"de","potentialAction":[{"@type":"ReadAction","target":["https:\/\/curt-bloch.com\/de\/projekt\/unterstuetzung\/"]}]},{"@type":"BreadcrumbList","@id":"https:\/\/curt-bloch.com\/de\/projekt\/unterstuetzung\/#breadcrumb","itemListElement":[{"@type":"ListItem","position":1,"name":"Startseite","item":"https:\/\/curt-bloch.com\/de\/"},{"@type":"ListItem","position":2,"name":"Projekt","item":"https:\/\/curt-bloch.com\/de\/projekt\/"},{"@type":"ListItem","position":3,"name":"Unterst\u00fctzung"}]},{"@type":"WebSite","@id":"https:\/\/curt-bloch.com\/de\/#website","url":"https:\/\/curt-bloch.com\/de\/","name":"Curt Bloch","description":"Het Onderwater Cabaret","publisher":{"@id":"https:\/\/curt-bloch.com\/de\/#organization"},"potentialAction":[{"@type":"SearchAction","target":{"@type":"EntryPoint","urlTemplate":"https:\/\/curt-bloch.com\/de\/?s={search_term_string}"},"query-input":{"@type":"PropertyValueSpecification","valueRequired":true,"valueName":"search_term_string"}}],"inLanguage":"de"},{"@type":"Organization","@id":"https:\/\/curt-bloch.com\/de\/#organization","name":"Curt Bloch","url":"https:\/\/curt-bloch.com\/de\/","logo":{"@type":"ImageObject","inLanguage":"de","@id":"https:\/\/curt-bloch.com\/de\/#\/schema\/logo\/image\/","url":"https:\/\/curt-bloch.com\/wp-content\/uploads\/2024\/02\/CurtBloch_Greenscreen_02.jpg","contentUrl":"https:\/\/curt-bloch.com\/wp-content\/uploads\/2024\/02\/CurtBloch_Greenscreen_02.jpg","width":1080,"height":794,"caption":"Curt Bloch"},"image":{"@id":"https:\/\/curt-bloch.com\/de\/#\/schema\/logo\/image\/"}}]}},"_links":{"self":[{"href":"https:\/\/curt-bloch.com\/de\/wp-json\/wp\/v2\/pages\/11811","targetHints":{"allow":["GET"]}}],"collection":[{"href":"https:\/\/curt-bloch.com\/de\/wp-json\/wp\/v2\/pages"}],"about":[{"href":"https:\/\/curt-bloch.com\/de\/wp-json\/wp\/v2\/types\/page"}],"author":[{"embeddable":true,"href":"https:\/\/curt-bloch.com\/de\/wp-json\/wp\/v2\/users\/7"}],"replies":[{"embeddable":true,"href":"https:\/\/curt-bloch.com\/de\/wp-json\/wp\/v2\/comments?post=11811"}],"version-history":[{"count":51,"href":"https:\/\/curt-bloch.com\/de\/wp-json\/wp\/v2\/pages\/11811\/revisions"}],"predecessor-version":[{"id":19701,"href":"https:\/\/curt-bloch.com\/de\/wp-json\/wp\/v2\/pages\/11811\/revisions\/19701"}],"up":[{"embeddable":true,"href":"https:\/\/curt-bloch.com\/de\/wp-json\/wp\/v2\/pages\/201"}],"wp:attachment":[{"href":"https:\/\/curt-bloch.com\/de\/wp-json\/wp\/v2\/media?parent=11811"}],"curies":[{"name":"wp","href":"https:\/\/api.w.org\/{rel}","templated":true}]}}