{"id":16352,"date":"2024-07-29T10:51:54","date_gmt":"2024-07-29T08:51:54","guid":{"rendered":"https:\/\/curt-bloch.com\/?page_id=16352"},"modified":"2024-12-12T10:39:10","modified_gmt":"2024-12-12T09:39:10","slug":"mediathek","status":"publish","type":"page","link":"https:\/\/curt-bloch.com\/de\/projekt\/mediathek\/","title":{"rendered":"Mediathek"},"content":{"rendered":"<div class=\"ce ce-onecol  pt-large pb-small indent-1   \">\n\t<div class=\"container\">\n\t\t<div class=\"row\">\n\t\t\t<div class=\"col\">\n\t\t\t\t<h1>MEDIATHEK<\/h1>\n\t\t\t<\/div>\n\t\t<\/div>\n\t<\/div>\n<\/div>\n\n\n<div class=\"ce ce-onecol   pb-small indent-1 layout-8  \">\n\t<div class=\"container\">\n\t\t<div class=\"row\">\n\t\t\t<div class=\"col\">\n\t\t\t\t<p>Verschiedene Personen \u2013 Schauspielerinnen und Schauspieler, Kabarettisten, aber auch \u00dcberlebende des Holocaust \u2013 haben f\u00fcr diese Webseite Gedichte von Curt Bloch eingesprochen. W\u00e4hlen Sie einfach eine Rezitatorin, einen Rezitator aus, um mehr zu erfahren. Au\u00dferdem k\u00f6nnen Sie von dort zur Originalansicht der gelesenen Verse springen. Oder aktivieren Sie auf der <a href=\"https:\/\/curt-bloch.com\/de\/magazine\/uebersicht\/\">\u00dcbersicht<\/a> die gr\u00fcnen Play-Pfeile direkt neben den Titeln der Gedichte. Es gibt mehrere Wege, die Reime von Curt Bloch zu h\u00f6ren.<\/p>\n\t\t\t<\/div>\n\t\t<\/div>\n\t<\/div>\n<\/div>\n","protected":false},"excerpt":{"rendered":"","protected":false},"author":1,"featured_media":0,"parent":201,"menu_order":0,"comment_status":"closed","ping_status":"closed","template":"","meta":{"_acf_changed":false,"_relevanssi_hide_post":"","_relevanssi_hide_content":"","_relevanssi_pin_for_all":"","_relevanssi_pin_keywords":"","_relevanssi_unpin_keywords":"","_relevanssi_related_keywords":"","_relevanssi_related_include_ids":"","_relevanssi_related_exclude_ids":"","_relevanssi_related_no_append":"","_relevanssi_related_not_related":"","_relevanssi_related_posts":"","_relevanssi_noindex_reason":"","footnotes":""},"class_list":["post-16352","page","type-page","status-publish","hentry"],"acf":[],"yoast_head":"<!-- This site is optimized with the Yoast SEO plugin v27.3 - https:\/\/yoast.com\/product\/yoast-seo-wordpress\/ -->\n<title>Mediathek - Curt Bloch<\/title>\n<meta name=\"robots\" content=\"index, follow, max-snippet:-1, max-image-preview:large, max-video-preview:-1\" \/>\n<link rel=\"canonical\" href=\"https:\/\/curt-bloch.com\/de\/projekt\/mediathek\/\" \/>\n<meta property=\"og:locale\" content=\"de_DE\" \/>\n<meta property=\"og:type\" content=\"article\" \/>\n<meta property=\"og:title\" content=\"Mediathek - Curt Bloch\" \/>\n<meta property=\"og:url\" content=\"https:\/\/curt-bloch.com\/de\/projekt\/mediathek\/\" \/>\n<meta property=\"og:site_name\" content=\"Curt Bloch\" \/>\n<meta property=\"article:modified_time\" content=\"2024-12-12T09:39:10+00:00\" \/>\n<meta property=\"og:image\" content=\"https:\/\/curt-bloch.com\/wp-content\/uploads\/2024\/04\/owc-website-default.png\" \/>\n\t<meta property=\"og:image:width\" content=\"1200\" \/>\n\t<meta property=\"og:image:height\" content=\"675\" \/>\n\t<meta property=\"og:image:type\" content=\"image\/png\" \/>\n<meta name=\"twitter:card\" content=\"summary_large_image\" \/>\n<script type=\"application\/ld+json\" class=\"yoast-schema-graph\">{\"@context\":\"https:\\\/\\\/schema.org\",\"@graph\":[{\"@type\":\"WebPage\",\"@id\":\"https:\\\/\\\/curt-bloch.com\\\/de\\\/projekt\\\/mediathek\\\/\",\"url\":\"https:\\\/\\\/curt-bloch.com\\\/de\\\/projekt\\\/mediathek\\\/\",\"name\":\"Mediathek - Curt Bloch\",\"isPartOf\":{\"@id\":\"https:\\\/\\\/curt-bloch.com\\\/de\\\/#website\"},\"datePublished\":\"2024-07-29T08:51:54+00:00\",\"dateModified\":\"2024-12-12T09:39:10+00:00\",\"breadcrumb\":{\"@id\":\"https:\\\/\\\/curt-bloch.com\\\/de\\\/projekt\\\/mediathek\\\/#breadcrumb\"},\"inLanguage\":\"de\",\"potentialAction\":[{\"@type\":\"ReadAction\",\"target\":[\"https:\\\/\\\/curt-bloch.com\\\/de\\\/projekt\\\/mediathek\\\/\"]}]},{\"@type\":\"BreadcrumbList\",\"@id\":\"https:\\\/\\\/curt-bloch.com\\\/de\\\/projekt\\\/mediathek\\\/#breadcrumb\",\"itemListElement\":[{\"@type\":\"ListItem\",\"position\":1,\"name\":\"Startseite\",\"item\":\"https:\\\/\\\/curt-bloch.com\\\/de\\\/\"},{\"@type\":\"ListItem\",\"position\":2,\"name\":\"Projekt\",\"item\":\"https:\\\/\\\/curt-bloch.com\\\/de\\\/projekt\\\/\"},{\"@type\":\"ListItem\",\"position\":3,\"name\":\"Mediathek\"}]},{\"@type\":\"WebSite\",\"@id\":\"https:\\\/\\\/curt-bloch.com\\\/de\\\/#website\",\"url\":\"https:\\\/\\\/curt-bloch.com\\\/de\\\/\",\"name\":\"Curt Bloch\",\"description\":\"Het Onderwater Cabaret\",\"publisher\":{\"@id\":\"https:\\\/\\\/curt-bloch.com\\\/de\\\/#organization\"},\"potentialAction\":[{\"@type\":\"SearchAction\",\"target\":{\"@type\":\"EntryPoint\",\"urlTemplate\":\"https:\\\/\\\/curt-bloch.com\\\/de\\\/?s={search_term_string}\"},\"query-input\":{\"@type\":\"PropertyValueSpecification\",\"valueRequired\":true,\"valueName\":\"search_term_string\"}}],\"inLanguage\":\"de\"},{\"@type\":\"Organization\",\"@id\":\"https:\\\/\\\/curt-bloch.com\\\/de\\\/#organization\",\"name\":\"Curt Bloch\",\"url\":\"https:\\\/\\\/curt-bloch.com\\\/de\\\/\",\"logo\":{\"@type\":\"ImageObject\",\"inLanguage\":\"de\",\"@id\":\"https:\\\/\\\/curt-bloch.com\\\/de\\\/#\\\/schema\\\/logo\\\/image\\\/\",\"url\":\"https:\\\/\\\/curt-bloch.com\\\/wp-content\\\/uploads\\\/2024\\\/02\\\/CurtBloch_Greenscreen_02.jpg\",\"contentUrl\":\"https:\\\/\\\/curt-bloch.com\\\/wp-content\\\/uploads\\\/2024\\\/02\\\/CurtBloch_Greenscreen_02.jpg\",\"width\":1080,\"height\":794,\"caption\":\"Curt Bloch\"},\"image\":{\"@id\":\"https:\\\/\\\/curt-bloch.com\\\/de\\\/#\\\/schema\\\/logo\\\/image\\\/\"}}]}<\/script>\n<!-- \/ Yoast SEO plugin. -->","yoast_head_json":{"title":"Mediathek - Curt Bloch","robots":{"index":"index","follow":"follow","max-snippet":"max-snippet:-1","max-image-preview":"max-image-preview:large","max-video-preview":"max-video-preview:-1"},"canonical":"https:\/\/curt-bloch.com\/de\/projekt\/mediathek\/","og_locale":"de_DE","og_type":"article","og_title":"Mediathek - Curt Bloch","og_url":"https:\/\/curt-bloch.com\/de\/projekt\/mediathek\/","og_site_name":"Curt Bloch","article_modified_time":"2024-12-12T09:39:10+00:00","og_image":[{"width":1200,"height":675,"url":"https:\/\/curt-bloch.com\/wp-content\/uploads\/2024\/04\/owc-website-default.png","type":"image\/png"}],"twitter_card":"summary_large_image","schema":{"@context":"https:\/\/schema.org","@graph":[{"@type":"WebPage","@id":"https:\/\/curt-bloch.com\/de\/projekt\/mediathek\/","url":"https:\/\/curt-bloch.com\/de\/projekt\/mediathek\/","name":"Mediathek - Curt Bloch","isPartOf":{"@id":"https:\/\/curt-bloch.com\/de\/#website"},"datePublished":"2024-07-29T08:51:54+00:00","dateModified":"2024-12-12T09:39:10+00:00","breadcrumb":{"@id":"https:\/\/curt-bloch.com\/de\/projekt\/mediathek\/#breadcrumb"},"inLanguage":"de","potentialAction":[{"@type":"ReadAction","target":["https:\/\/curt-bloch.com\/de\/projekt\/mediathek\/"]}]},{"@type":"BreadcrumbList","@id":"https:\/\/curt-bloch.com\/de\/projekt\/mediathek\/#breadcrumb","itemListElement":[{"@type":"ListItem","position":1,"name":"Startseite","item":"https:\/\/curt-bloch.com\/de\/"},{"@type":"ListItem","position":2,"name":"Projekt","item":"https:\/\/curt-bloch.com\/de\/projekt\/"},{"@type":"ListItem","position":3,"name":"Mediathek"}]},{"@type":"WebSite","@id":"https:\/\/curt-bloch.com\/de\/#website","url":"https:\/\/curt-bloch.com\/de\/","name":"Curt Bloch","description":"Het Onderwater Cabaret","publisher":{"@id":"https:\/\/curt-bloch.com\/de\/#organization"},"potentialAction":[{"@type":"SearchAction","target":{"@type":"EntryPoint","urlTemplate":"https:\/\/curt-bloch.com\/de\/?s={search_term_string}"},"query-input":{"@type":"PropertyValueSpecification","valueRequired":true,"valueName":"search_term_string"}}],"inLanguage":"de"},{"@type":"Organization","@id":"https:\/\/curt-bloch.com\/de\/#organization","name":"Curt Bloch","url":"https:\/\/curt-bloch.com\/de\/","logo":{"@type":"ImageObject","inLanguage":"de","@id":"https:\/\/curt-bloch.com\/de\/#\/schema\/logo\/image\/","url":"https:\/\/curt-bloch.com\/wp-content\/uploads\/2024\/02\/CurtBloch_Greenscreen_02.jpg","contentUrl":"https:\/\/curt-bloch.com\/wp-content\/uploads\/2024\/02\/CurtBloch_Greenscreen_02.jpg","width":1080,"height":794,"caption":"Curt Bloch"},"image":{"@id":"https:\/\/curt-bloch.com\/de\/#\/schema\/logo\/image\/"}}]}},"_links":{"self":[{"href":"https:\/\/curt-bloch.com\/de\/wp-json\/wp\/v2\/pages\/16352","targetHints":{"allow":["GET"]}}],"collection":[{"href":"https:\/\/curt-bloch.com\/de\/wp-json\/wp\/v2\/pages"}],"about":[{"href":"https:\/\/curt-bloch.com\/de\/wp-json\/wp\/v2\/types\/page"}],"author":[{"embeddable":true,"href":"https:\/\/curt-bloch.com\/de\/wp-json\/wp\/v2\/users\/1"}],"replies":[{"embeddable":true,"href":"https:\/\/curt-bloch.com\/de\/wp-json\/wp\/v2\/comments?post=16352"}],"version-history":[{"count":9,"href":"https:\/\/curt-bloch.com\/de\/wp-json\/wp\/v2\/pages\/16352\/revisions"}],"predecessor-version":[{"id":17418,"href":"https:\/\/curt-bloch.com\/de\/wp-json\/wp\/v2\/pages\/16352\/revisions\/17418"}],"up":[{"embeddable":true,"href":"https:\/\/curt-bloch.com\/de\/wp-json\/wp\/v2\/pages\/201"}],"wp:attachment":[{"href":"https:\/\/curt-bloch.com\/de\/wp-json\/wp\/v2\/media?parent=16352"}],"curies":[{"name":"wp","href":"https:\/\/api.w.org\/{rel}","templated":true}]}}